{"id":85,"date":"2022-12-01T10:21:06","date_gmt":"2022-12-01T10:21:06","guid":{"rendered":"https:\/\/breumadvokatfirma.dk\/?page_id=85"},"modified":"2023-02-02T16:50:35","modified_gmt":"2023-02-02T16:50:35","slug":"datapolitik","status":"publish","type":"page","link":"http:\/\/breumadvokatfirma.dk\/?page_id=85","title":{"rendered":"Datapolitik"},"content":{"rendered":"\n<p><strong>Breum Advokatfirma ApS\u2019 datapolitik<\/strong><\/p>\n\n\n\n<p>Breum Advokatfirma ApS er underlagt persondataloven\/databeskyttelsesloven og persondataforordningen, hvilket bl.a. betyder, at vi er forpligtet til at oplyse dig om, hvilke af dine personoplysninger vi behandler, samt hvilke rettigheder du har i forbindelse hermed.<\/p>\n\n\n\n<p><strong>1. Dataansvarlig<\/strong><\/p>\n\n\n\n<p>Breum Advokatfirma ApS (herefter \u201dBREUM\u201d), CVR-nr. 40 62 52 59, Bredgade 27, 1260 K\u00f8benhavn K, telefonnr. 30 28 77 47, e-mail pb@breumadvokatfirma.dk, er dataansvarlig.<\/p>\n\n\n\n<p><strong>2. Personoplysninger og form\u00e5l<\/strong><\/p>\n\n\n\n<p>I forbindelse med BREUMs bistand i din sag eller dit samarbejde med advokatfirmaet, har BREUM brug for, i n\u00f8dvendigt omfang, at behandle og opbevare f\u00f8lgende kategorier af oplysninger:<\/p>\n\n\n\n<ul>\n<li>Navn, adresse, e-mailadresse og telefonnummer<\/li>\n\n\n\n<li>Personnummer<\/li>\n\n\n\n<li>Kontonummer<\/li>\n\n\n\n<li>Kopi af sygesikringsbevis, k\u00f8rekort eller andet billede-ID<\/li>\n\n\n\n<li>Helbredsoplysninger<\/li>\n\n\n\n<li>Billeder<\/li>\n\n\n\n<li>\u00d8konomiske oplysninger<\/li>\n\n\n\n<li>Eventuelle oplysninger om strafbare forhold<\/li>\n\n\n\n<li>F\u00f8lsomme personoplysninger, herunder oplysninger om race eller etnisk oprindelse, politisk, religi\u00f8s eller filosofisk overbevisning eller fagforeningsm\u00e6ssigt tilh\u00f8rsforhold samt behandling af helbredsoplysninger eller oplysninger om en fysisk persons seksuelle forhold eller seksuelle orientering<\/li>\n<\/ul>\n\n\n\n<p>Alle oplysninger bliver behandlet fortroligt i overensstemmelse med de advokatetiske regler, retsplejeloven, persondataloven\/databeskyttelsesloven og persondataforordningen.<\/p>\n\n\n\n<p>BREUMs behandlingsgrundlag udspringer af b\u00e5de den legitime interesse, jfr. artikel 6, (1) (f) i persondataforordningen, som advokatfirmaet har i at behandle og opbevare klientdata, samt n\u00f8dvendigheden heraf for at kunne behandle din sag.<\/p>\n\n\n\n<p>Derudover udspringer behandlingsgrundlaget af, at BREUM, i forbindelse hvidvaskloven, er forpligtet til at indsamle og opbevare sygesikringsbevis og pas, k\u00f8rekort eller andet billede-ID, jfr. artikel 6 (1) (c) i persondataforordningen.<\/p>\n\n\n\n<p>BREUM kan endvidere behandle oplysninger om CPR-nr., n\u00e5r der er behov for at sikre en entydig identifikation af dig, eller s\u00e5fremt behandlingen kr\u00e6ves i forbindelse med kommunikation med en offentlig myndighed, jf. databeskyttelseslovens regler om behandling af CPR-nr.<\/p>\n\n\n\n<p>I det omfang det er n\u00f8dvendigt i forbindelse med behandling af din sag, samt i forbindelse med varetagelse af dine interesser, vil BREUM behandle oplysninger om strafbare forhold, jf. databeskyttelseslovens regler om behandling af strafbare forhold.<\/p>\n\n\n\n<p>BREUM kan i n\u00f8dvendigt omfang behandle f\u00f8lsomme oplysninger, n\u00e5r behandlingen sker for at fastl\u00e6gge eller forsvare et retskrav, jf. artikel 9, (2) (f) i persondataforordningen.<\/p>\n\n\n\n<p>S\u00e5fremt du indg\u00e5r i et samarbejde med BREUM, har virksomheden en legitim interesse, jfr. artikel 6 (1) (f) i persondataforordningen, i, at behandle n\u00f8dvendige personoplysninger om dig.<\/p>\n\n\n\n<p><strong>3. Modtagere og behandlere af personoplysninger<\/strong><\/p>\n\n\n\n<p>Dine personoplysninger behandles udelukkende af BREUM, medmindre anden brug f\u00f8lger af henvendelsens natur eller opgavens art.<\/p>\n\n\n\n<p>Dine oplysninger vil, i n\u00f8dvendigt omfang, eksempelvis blive videregivet til retten, \u00f8vrige offentlige myndigheder og sagens parter, i forbindelse med en eventuel retssag eller lignende. Dit CPR-nr. vil blive videregivet til tinglysningsretten i forbindelse med eventuel tinglysning samt, hvis relevant for din sag, til Erhvervsstyrelsen. I forbindelse med ejendomshandler vil dine oplysninger i nogle tilf\u00e6lde blive videregivet til MinTinglysning v\/Mette Andersen (CVR-nr. 40225765) med hvem BREUM har indg\u00e5et en s\u00e6rskilt databehandleraftale.<\/p>\n\n\n\n<p>BREUM kan videregive oplysninger om strafbare forhold, n\u00e5r videregivelsen sker til varetagelse af offentlige eller private interesser, herunder hensynet til dig selv, n\u00e5r hensynet til dine interesser klart overstiger hensynet til hemmeligholdelse.<\/p>\n\n\n\n<p>Derudover kan dine personoplysninger blive videregivet til dit forsikringsselskab, s\u00e5fremt BREUM skal s\u00f8ge om forsikringsd\u00e6kning p\u00e5 dine vegne. Dine personoplysninger kan ogs\u00e5 blive videregivet til l\u00e6ger, s\u00e5fremt der i forbindelse med sagen er behov herfor.<\/p>\n\n\n\n<p>Dine personoplysninger kan ogs\u00e5 blive videregivet til BREUMs samarbejdspartnere og databehandlere, hvis videregivelsen er form\u00e5lstjenligt eller n\u00f8dvendigt for behandling af din sag.<\/p>\n\n\n\n<p><strong>4. Anvendelse af Sikker Mail-l\u00f8sning<\/strong><\/p>\n\n\n\n<p>Alle medarbejdere hos BREUM anvender en Sikker Mail-l\u00f8sning med end-to-end-kryptering. L\u00f8sningen anvendes ved enhver fremsendelse af fortrolige og f\u00f8lsomme personoplysninger. Fortrolige og f\u00f8lsomme personoplysninger anf\u00f8res aldrig i emnefeltet, der ikke krypteres.<\/p>\n\n\n\n<p>S\u00e5fremt modtageren af en krypteret e-mail ikke har mulighed for at l\u00e6se denne, afg\u00f8res det konkret i hvert enkelt tilf\u00e6lde, hvorledes fremsendelse kan ske p\u00e5 alternativ og betryggende vis.<\/p>\n\n\n\n<p><strong>5. Adgang til indsigt, berigtigelse, sletning, begr\u00e6nsning eller indsigelser<\/strong><\/p>\n\n\n\n<p>Du har mulighed for at f\u00e5 indsigt i, hvilke informationer BREUM har registreret om dig. \u00d8nsker du det, udleverer advokatfirmaet en elektronisk kopi af de indsamlede oplysninger.<\/p>\n\n\n\n<p>Du kan til enhver tid g\u00f8re indsigelse mod, at oplysninger om dig g\u00f8res til genstand for behandling. Du har derudover ret til at kr\u00e6ve registrerede personoplysninger om dig berigtiget eller slettet eller behandlingen heraf begr\u00e6nset.<\/p>\n\n\n\n<p>S\u00e5fremt du under sagens behandling, g\u00f8r indsigelser mod BREUMs behandling af dine oplysninger, eller anmoder om sletning eller begr\u00e6nsning af oplysninger, som er n\u00f8dvendige for behandling af sagen, jf. punkt 2, vil BREUM ikke l\u00e6ngere kunne behandle sagen. Sagen vil herefter blive afsluttet og afregnet.<\/p>\n\n\n\n<p>Der kan efter persondataforordningen v\u00e6re konkrete situationer, hvor BREUM ikke er forpligtet til at efterkomme ovenst\u00e5ende rettigheder.<\/p>\n\n\n\n<p>Hvis du \u00f8nsker (1) indsigt i, (2) berigtigelse eller sletning af de personoplysninger, som er registreret om dig hos BREUM, eller (3) begr\u00e6nsning af behandling af de registrerede personoplysninger eller (4) har du andre indsigelser, skal du rette henvendelse til BREUM p\u00e5 enten pb@breumadvokatfirma.dk eller telefon 30 28 77 47.<\/p>\n\n\n\n<p><strong>6. Dataportabilitet<\/strong><\/p>\n\n\n\n<p>Du har i visse tilf\u00e6lde ret til at f\u00e5 udleveret eller overf\u00f8rt dine personoplysninger til en anden dataansvarlig.<\/p>\n\n\n\n<p><strong>7. Varighed og opbevaring<\/strong><\/p>\n\n\n\n<p>Personoplysningerne vil blive opbevaret forsvarligt i 5 \u00e5r fra sagen er arkiveret. Dette er bl.a. for at undg\u00e5 interessekonflikter samt med henblik p\u00e5 opfyldelse af bogf\u00f8ringsloven og hvidvaskloven.<\/p>\n\n\n\n<p>I sager om skilsmisser og \u00e6gtepagter opbevares personoplysningerne elektronisk i 10 \u00e5r.<\/p>\n\n\n\n<p><strong>8. Klage<\/strong><\/p>\n\n\n\n<p>Du har mulighed for at klage over behandlingen af personoplysninger. Klage indgives til Datatilsynet, Carl Jacobsens Vej 35, 2500 Valby, <a href=\"mailto:dt@datatilsynet.dk\">dt@datatilsynet.dk<\/a>.<\/p>\n\n\n\n<p>Senest opdateret 1\/1 2023.<\/p>\n","protected":false},"excerpt":{"rendered":"<p>Breum Advokatfirma ApS\u2019 datapolitik Breum Advokatfirma ApS er underlagt persondataloven\/databeskyttelsesloven og persondataforordningen, hvilket bl.a. betyder, at vi er forpligtet til at oplyse dig om, hvilke af dine personoplysninger vi behandler, samt hvilke rettigheder du har i forbindelse hermed. 1. Dataansvarlig Breum Advokatfirma ApS (herefter \u201dBREUM\u201d), CVR-nr. 40 62 52 59, Bredgade 27, 1260 K\u00f8benhavn K,&hellip; <a class=\"more-link\" href=\"http:\/\/breumadvokatfirma.dk\/?page_id=85\">L\u00e6s mere <span class=\"screen-reader-text\">Datapolitik<\/span><\/a><\/p>\n","protected":false},"author":1,"featured_media":0,"parent":0,"menu_order":0,"comment_status":"closed","ping_status":"closed","template":"","meta":[],"_links":{"self":[{"href":"http:\/\/breumadvokatfirma.dk\/index.php?rest_route=\/wp\/v2\/pages\/85"}],"collection":[{"href":"http:\/\/breumadvokatfirma.dk\/index.php?rest_route=\/wp\/v2\/pages"}],"about":[{"href":"http:\/\/breumadvokatfirma.dk\/index.php?rest_route=\/wp\/v2\/types\/page"}],"author":[{"embeddable":true,"href":"http:\/\/breumadvokatfirma.dk\/index.php?rest_route=\/wp\/v2\/users\/1"}],"replies":[{"embeddable":true,"href":"http:\/\/breumadvokatfirma.dk\/index.php?rest_route=%2Fwp%2Fv2%2Fcomments&post=85"}],"version-history":[{"count":10,"href":"http:\/\/breumadvokatfirma.dk\/index.php?rest_route=\/wp\/v2\/pages\/85\/revisions"}],"predecessor-version":[{"id":182,"href":"http:\/\/breumadvokatfirma.dk\/index.php?rest_route=\/wp\/v2\/pages\/85\/revisions\/182"}],"wp:attachment":[{"href":"http:\/\/breumadvokatfirma.dk\/index.php?rest_route=%2Fwp%2Fv2%2Fmedia&parent=85"}],"curies":[{"name":"wp","href":"https:\/\/api.w.org\/{rel}","templated":true}]}}