{"id":34,"date":"2022-12-01T09:10:49","date_gmt":"2022-12-01T09:10:49","guid":{"rendered":"https:\/\/breumadvokatfirma.dk\/?page_id=34"},"modified":"2024-07-04T15:06:18","modified_gmt":"2024-07-04T15:06:18","slug":"om","status":"publish","type":"page","link":"http:\/\/breumadvokatfirma.dk\/?page_id=34","title":{"rendered":"Om"},"content":{"rendered":"\n<p>Breum Advokatfirma ApS driver virksomhed under CVR-nr. 40 62 52 59 og har lovpligtig ansvarsforsikring hos HDI under policenummer 156-76202565-30050.<\/p>\n\n\n\n<p>Indbetalinger vedr\u00f8rende sager kan ske til nedenst\u00e5ende klientkonto i Sparekassen Thy: Reg.nr. 9090 \u2013 kontonr. 0004863291.<\/p>\n\n\n\n<p>I tilf\u00e6lde af en banks konkurs f\u00e5r indskyderne d\u00e6kning i henhold til lov om garantiordning for indskydere og investorer. Garantiformuen d\u00e6kker en berettiget indskyders midler op til et bel\u00f8b svarende til 100.000 euro (ca. 750.000 kr.). D\u00e6kningsmaksimummet g\u00e6lder det samlede indskud i banken, selvom pengene st\u00e5r p\u00e5 forskellige konti, herunder p\u00e5 b\u00e5de klientbankkonti og egne konti.<\/p>\n\n\n\n<p>Breum Advokatfirma anvender ikke&nbsp;aftaleklausuler om lovvalg og\/eller v\u00e6rneting, medmindre dette aftales med klienten.<\/p>\n\n\n\n<p>Alle Advokater hos Breum Advokatfirma er omfattet af Advokatsamfundets tilsyns- og disciplin\u00e6rsystem og af reglerne om god advokatskik, jf. retsplejelovens \u00a7 126. Herudover g\u00e6lder de advokatetiske regler, der kan findes p\u00e5 Advokatsamfundets hjemmeside&nbsp;<a rel=\"noreferrer noopener\" href=\"http:\/\/www.advokatsamfundet.dk\/\" target=\"_blank\">www.advokatsamfundet.dk<\/a>.<\/p>\n\n\n\n<p>Hvis vores bistand eller sal\u00e6r ikke lever op til forventningerne, opfordrer vi til i f\u00f8rste omgang til at rette henvendelse til den advokat, der er indg\u00e5et aftale med. Opn\u00e5s der ikke herved en tilfredsstillende l\u00f8sning, kan der indgives klage til Advokatn\u00e6vnet, Kronprinsessegade 28, 1306 K\u00f8benhavn K,&nbsp;<a href=\"http:\/\/www.advokatnaevnet.dk\/\">www.advokatnaevnet.dk<\/a>.<\/p>\n\n\n\n<p><\/p>\n","protected":false},"excerpt":{"rendered":"<p>Breum Advokatfirma ApS driver virksomhed under CVR-nr. 40 62 52 59 og har lovpligtig ansvarsforsikring hos HDI under policenummer 156-76202565-30050. Indbetalinger vedr\u00f8rende sager kan ske til nedenst\u00e5ende klientkonto i Sparekassen Thy: Reg.nr. 9090 \u2013 kontonr. 0004863291. I tilf\u00e6lde af en banks konkurs f\u00e5r indskyderne d\u00e6kning i henhold til lov om garantiordning for indskydere og investorer.&hellip; <a class=\"more-link\" href=\"http:\/\/breumadvokatfirma.dk\/?page_id=34\">L\u00e6s mere <span class=\"screen-reader-text\">Om<\/span><\/a><\/p>\n","protected":false},"author":1,"featured_media":0,"parent":0,"menu_order":0,"comment_status":"closed","ping_status":"closed","template":"","meta":[],"_links":{"self":[{"href":"http:\/\/breumadvokatfirma.dk\/index.php?rest_route=\/wp\/v2\/pages\/34"}],"collection":[{"href":"http:\/\/breumadvokatfirma.dk\/index.php?rest_route=\/wp\/v2\/pages"}],"about":[{"href":"http:\/\/breumadvokatfirma.dk\/index.php?rest_route=\/wp\/v2\/types\/page"}],"author":[{"embeddable":true,"href":"http:\/\/breumadvokatfirma.dk\/index.php?rest_route=\/wp\/v2\/users\/1"}],"replies":[{"embeddable":true,"href":"http:\/\/breumadvokatfirma.dk\/index.php?rest_route=%2Fwp%2Fv2%2Fcomments&post=34"}],"version-history":[{"count":8,"href":"http:\/\/breumadvokatfirma.dk\/index.php?rest_route=\/wp\/v2\/pages\/34\/revisions"}],"predecessor-version":[{"id":259,"href":"http:\/\/breumadvokatfirma.dk\/index.php?rest_route=\/wp\/v2\/pages\/34\/revisions\/259"}],"wp:attachment":[{"href":"http:\/\/breumadvokatfirma.dk\/index.php?rest_route=%2Fwp%2Fv2%2Fmedia&parent=34"}],"curies":[{"name":"wp","href":"https:\/\/api.w.org\/{rel}","templated":true}]}}