{"id":33,"date":"2022-12-01T09:10:49","date_gmt":"2022-12-01T09:10:49","guid":{"rendered":"https:\/\/breumadvokatfirma.dk\/?page_id=33"},"modified":"2023-02-07T10:13:39","modified_gmt":"2023-02-07T10:13:39","slug":"lav-dit-website-ved-hjaelp-af-blokke","status":"publish","type":"page","link":"http:\/\/breumadvokatfirma.dk\/","title":{"rendered":"Forside"},"content":{"rendered":"\n<p>Jeg r\u00e5dgiver og f\u00f8rer retssager inden for blandt andet f\u00f8lgende arbejdsomr\u00e5der: Bolighandler, entrepriseret, selskabsret, erhvervsret, ans\u00e6ttelsesret, insolvensret, lejeret, erhvervslejeret og erstatningsret.<\/p>\n\n\n\n<p>Jeg blev advokat i \u00e5r 2014, og i \u00e5r 2019 opn\u00e5ede jeg m\u00f8deret for landsret. Jeg har r\u00e5dgivet i hundredevis af bolighandler, f\u00f8rt adskillige retssager og behandlet en lang r\u00e6kke konkursboer.<\/p>\n\n\n\n<p>Jeg har desuden skrevet en r\u00e6kke artikler i dagbladet B\u00f8rsen om konkrete juridiske problemstillinger og retssager.<\/p>\n\n\n\n<p>Kontakt mig gerne for en dr\u00f8ftelse af din sag. Hvis jeg ikke selv kan hj\u00e6lpe dig, kan jeg ofte finde en dygtig kollega, der kan.<\/p>\n\n\n\n<figure class=\"wp-block-image size-large\"><img decoding=\"async\" loading=\"lazy\" width=\"1024\" height=\"680\" src=\"https:\/\/breumadvokatfirma.dk\/wp-content\/uploads\/2023\/02\/PoulBreum-1024x680.jpg\" alt=\"\" class=\"wp-image-185\" srcset=\"http:\/\/breumadvokatfirma.dk\/wp-content\/uploads\/2023\/02\/PoulBreum-1024x680.jpg 1024w, http:\/\/breumadvokatfirma.dk\/wp-content\/uploads\/2023\/02\/PoulBreum-300x199.jpg 300w, http:\/\/breumadvokatfirma.dk\/wp-content\/uploads\/2023\/02\/PoulBreum-768x510.jpg 768w, http:\/\/breumadvokatfirma.dk\/wp-content\/uploads\/2023\/02\/PoulBreum-1536x1021.jpg 1536w, http:\/\/breumadvokatfirma.dk\/wp-content\/uploads\/2023\/02\/PoulBreum-1568x1042.jpg 1568w, http:\/\/breumadvokatfirma.dk\/wp-content\/uploads\/2023\/02\/PoulBreum.jpg 1800w\" sizes=\"(max-width: 1024px) 100vw, 1024px\" \/><figcaption class=\"wp-element-caption\">Advokat Poul Breum<\/figcaption><\/figure>\n\n\n\n<p><\/p>\n","protected":false},"excerpt":{"rendered":"<p>Jeg r\u00e5dgiver og f\u00f8rer retssager inden for blandt andet f\u00f8lgende arbejdsomr\u00e5der: Bolighandler, entrepriseret, selskabsret, erhvervsret, ans\u00e6ttelsesret, insolvensret, lejeret, erhvervslejeret og erstatningsret. Jeg blev advokat i \u00e5r 2014, og i \u00e5r 2019 opn\u00e5ede jeg m\u00f8deret for landsret. Jeg har r\u00e5dgivet i hundredevis af bolighandler, f\u00f8rt adskillige retssager og behandlet en lang r\u00e6kke konkursboer. Jeg har desuden&hellip; <a class=\"more-link\" href=\"http:\/\/breumadvokatfirma.dk\/\">L\u00e6s mere <span class=\"screen-reader-text\">Forside<\/span><\/a><\/p>\n","protected":false},"author":1,"featured_media":0,"parent":0,"menu_order":0,"comment_status":"closed","ping_status":"closed","template":"","meta":[],"_links":{"self":[{"href":"http:\/\/breumadvokatfirma.dk\/index.php?rest_route=\/wp\/v2\/pages\/33"}],"collection":[{"href":"http:\/\/breumadvokatfirma.dk\/index.php?rest_route=\/wp\/v2\/pages"}],"about":[{"href":"http:\/\/breumadvokatfirma.dk\/index.php?rest_route=\/wp\/v2\/types\/page"}],"author":[{"embeddable":true,"href":"http:\/\/breumadvokatfirma.dk\/index.php?rest_route=\/wp\/v2\/users\/1"}],"replies":[{"embeddable":true,"href":"http:\/\/breumadvokatfirma.dk\/index.php?rest_route=%2Fwp%2Fv2%2Fcomments&post=33"}],"version-history":[{"count":25,"href":"http:\/\/breumadvokatfirma.dk\/index.php?rest_route=\/wp\/v2\/pages\/33\/revisions"}],"predecessor-version":[{"id":255,"href":"http:\/\/breumadvokatfirma.dk\/index.php?rest_route=\/wp\/v2\/pages\/33\/revisions\/255"}],"wp:attachment":[{"href":"http:\/\/breumadvokatfirma.dk\/index.php?rest_route=%2Fwp%2Fv2%2Fmedia&parent=33"}],"curies":[{"name":"wp","href":"https:\/\/api.w.org\/{rel}","templated":true}]}}